{"id":655,"date":"2017-07-25T10:12:35","date_gmt":"2017-07-25T08:12:35","guid":{"rendered":"http:\/\/wp.griffioenrotterdam.nl\/?product=bocal-a19m-gaskachel"},"modified":"2020-09-14T14:00:05","modified_gmt":"2020-09-14T12:00:05","slug":"bocal-a19m-gaskachel","status":"publish","type":"product","link":"https:\/\/wp.griffioenrotterdam.nl\/?product=bocal-a19m-gaskachel","title":{"rendered":"Bocal A19M gaskachel"},"content":{"rendered":"<h2>Bocal A19M van een nieuwe generatie<\/h2>\n<p><a href=\"https:\/\/www.haveverwarming.nl\/Bocal\" target=\"_blank\" rel=\"noopener noreferrer\">Bocal<\/a> heeft een hele nieuwe generatie <a href=\"https:\/\/www.haveverwarming.nl\/gashaarden\" target=\"_blank\" rel=\"noopener noreferrer\">gaskachels<\/a> ge\u00efntroduceerd. Deze Bocal A19M is er daar ook \u00e9\u00e9n van.\u00a0<\/p>\n<h3>Gesloten systeem Bocal<\/h3>\n<p>Deze gaskachel is een echte krachtpatser met een maximaal vermogen van maar liefst <a href=\"https:\/\/www.haveverwarming.nl\/kenniscentrum\/het-vermogen-van-een-haard-of-kachel\/\" target=\"_blank\" rel=\"noopener noreferrer\">9,3 kW<\/a>. En dat voor een kachel die ook nog eens een zogenaamd gesloten systeem heeft. Daarnaast is dit een HR+ kachel met een rendement van 82%!<\/p>\n<p>Kom naar ons <a href=\"https:\/\/www.haveverwarming.nl\/experiencecenter\" target=\"_blank\" rel=\"noopener noreferrer\">Experience Centre<\/a> in Lunteren om vergelijkbare kachels te bewonderen!<\/p>\n<p>Documentatie<\/p>\n<ul>\n<li><a class=\"download file\" href=\"https:\/\/www.haveverwarming.nl\/amfile\/file\/download\/file\/77\/product\/277\/\" target=\"_blank\" rel=\"noopener noreferrer\"><span>Handleiding Bocal A19M gaskachel<\/span><\/a><\/li>\n<li><a class=\"download file\" href=\"https:\/\/www.haveverwarming.nl\/amfile\/file\/download\/file\/81\/product\/277\/\" target=\"_blank\" rel=\"noopener noreferrer\"><span>Brochure Bocal A19M gaskachel<\/span><\/a><\/li>\n<li><a class=\"download file\" href=\"https:\/\/www.haveverwarming.nl\/amfile\/file\/download\/file\/1342\/product\/277\/\" target=\"_blank\" rel=\"noopener noreferrer\"><span>Brochure Gas Erbij<\/span><\/a><\/li>\n<li><a class=\"download file\" href=\"https:\/\/www.haveverwarming.nl\/amfile\/file\/download\/file\/2692\/product\/277\/\" target=\"_blank\" rel=\"noopener noreferrer\"><span>Energielabel <\/span><\/a><\/li>\n<li><a class=\"download file\" href=\"https:\/\/www.haveverwarming.nl\/productpdf\/download\/file\/id\/277\/name\/Bocal_A19M_gaskachel.pdf\/\" target=\"_blank\" rel=\"noopener noreferrer\"><span>Download informatieblad<\/span><\/a><\/li>\n<\/ul>\n","protected":false},"excerpt":{"rendered":"<p>Een nieuwe generatie gesloten systeem gaskachels\u00a0<\/p>\n","protected":false},"featured_media":656,"comment_status":"open","ping_status":"closed","template":"","meta":[],"product_brand":[],"product_cat":[],"product_tag":[],"class_list":{"0":"post-655","1":"product","2":"type-product","3":"status-publish","4":"has-post-thumbnail","7":"first","8":"instock","9":"shipping-taxable","10":"purchasable","11":"product-type-simple","12":"customify-col","13":"product-has-gallery"},"_links":{"self":[{"href":"https:\/\/wp.griffioenrotterdam.nl\/index.php?rest_route=\/wp\/v2\/product\/655","targetHints":{"allow":["GET"]}}],"collection":[{"href":"https:\/\/wp.griffioenrotterdam.nl\/index.php?rest_route=\/wp\/v2\/product"}],"about":[{"href":"https:\/\/wp.griffioenrotterdam.nl\/index.php?rest_route=\/wp\/v2\/types\/product"}],"replies":[{"embeddable":true,"href":"https:\/\/wp.griffioenrotterdam.nl\/index.php?rest_route=%2Fwp%2Fv2%2Fcomments&post=655"}],"wp:featuredmedia":[{"embeddable":true,"href":"https:\/\/wp.griffioenrotterdam.nl\/index.php?rest_route=\/wp\/v2\/media\/656"}],"wp:attachment":[{"href":"https:\/\/wp.griffioenrotterdam.nl\/index.php?rest_route=%2Fwp%2Fv2%2Fmedia&parent=655"}],"wp:term":[{"taxonomy":"product_brand","embeddable":true,"href":"https:\/\/wp.griffioenrotterdam.nl\/index.php?rest_route=%2Fwp%2Fv2%2Fproduct_brand&post=655"},{"taxonomy":"product_cat","embeddable":true,"href":"https:\/\/wp.griffioenrotterdam.nl\/index.php?rest_route=%2Fwp%2Fv2%2Fproduct_cat&post=655"},{"taxonomy":"product_tag","embeddable":true,"href":"https:\/\/wp.griffioenrotterdam.nl\/index.php?rest_route=%2Fwp%2Fv2%2Fproduct_tag&post=655"}],"curies":[{"name":"wp","href":"https:\/\/api.w.org\/{rel}","templated":true}]}}