{"id":3731,"date":"2020-06-30T13:51:09","date_gmt":"2020-06-30T11:51:09","guid":{"rendered":"http:\/\/wp.griffioenrotterdam.nl\/?product=bocal-8m-gaskachel"},"modified":"2020-08-22T09:51:23","modified_gmt":"2020-08-22T07:51:23","slug":"bocal-8m-gaskachel","status":"publish","type":"product","link":"https:\/\/wp.griffioenrotterdam.nl\/?product=bocal-8m-gaskachel","title":{"rendered":"Bocal A8M gaskachel"},"content":{"rendered":"<h2>Bocal A8M<\/h2>\n<p><a href=\"https:\/\/www.haveverwarming.nl\/Bocal\" target=\"_blank\" rel=\"noopener noreferrer\">Bocal<\/a> heeft een hele nieuwe generatie gaskachels ge\u00efntroduceerd. Deze Bocal A8M is er daar ook \u00e9\u00e9n van.\u00a0<\/p>\n<h3>Gesloten systeem Bocal<\/h3>\n<p>Deze gaskachel is een echte krachtpatser met een maximaal vermogen van maar liefst 8kW.\u00a0En dat voor een kachel die ook nog eens een zogenaamd gesloten systeem heeft. Daarnaast is dit een HR+ kachel met een rendement van 86%!<\/p>\n<p>Kom naar ons <a href=\"https:\/\/www.haveverwarming.nl\/experiencecenter\" target=\"_blank\" rel=\"noopener noreferrer\">Experience Centre<\/a> in Lunteren om vergelijkbare kachels te bewonderen!<\/p>\n<p>Documentatie<\/p>\n<ul>\n<li><a class=\"download file\" href=\"https:\/\/www.haveverwarming.nl\/amfile\/file\/download\/file\/3317\/product\/1388\/\" target=\"_blank\" rel=\"noopener noreferrer\"><span>Lijntekening A8M<\/span><\/a><\/li>\n<li><a class=\"download file\" href=\"https:\/\/www.haveverwarming.nl\/amfile\/file\/download\/file\/3318\/product\/1388\/\" target=\"_blank\" rel=\"noopener noreferrer\"><span>Gebruikershandleiding A8M<\/span><\/a><\/li>\n<li><a class=\"download file\" href=\"https:\/\/www.haveverwarming.nl\/productpdf\/download\/file\/id\/1388\/name\/Bocal_A8M_gaskachel.pdf\/\" target=\"_blank\" rel=\"noopener noreferrer\"><span>Download informatieblad<\/span><\/a><\/li>\n<\/ul>\n","protected":false},"excerpt":{"rendered":"<p>Bocal A8M Bocal heeft een hele nieuwe generatie gaskachels ge\u00efntroduceerd. Deze Bocal A8M is er daar ook \u00e9\u00e9n van.\u00a0 Gesloten systeem Bocal Deze gaskachel is&hellip;<\/p>\n","protected":false},"featured_media":3732,"comment_status":"open","ping_status":"closed","template":"","meta":[],"product_brand":[],"product_cat":[],"product_tag":[],"class_list":{"0":"post-3731","1":"product","2":"type-product","3":"status-publish","4":"has-post-thumbnail","7":"first","8":"instock","9":"shipping-taxable","10":"purchasable","11":"product-type-simple","12":"customify-col","13":"product-has-gallery"},"_links":{"self":[{"href":"https:\/\/wp.griffioenrotterdam.nl\/index.php?rest_route=\/wp\/v2\/product\/3731","targetHints":{"allow":["GET"]}}],"collection":[{"href":"https:\/\/wp.griffioenrotterdam.nl\/index.php?rest_route=\/wp\/v2\/product"}],"about":[{"href":"https:\/\/wp.griffioenrotterdam.nl\/index.php?rest_route=\/wp\/v2\/types\/product"}],"replies":[{"embeddable":true,"href":"https:\/\/wp.griffioenrotterdam.nl\/index.php?rest_route=%2Fwp%2Fv2%2Fcomments&post=3731"}],"wp:featuredmedia":[{"embeddable":true,"href":"https:\/\/wp.griffioenrotterdam.nl\/index.php?rest_route=\/wp\/v2\/media\/3732"}],"wp:attachment":[{"href":"https:\/\/wp.griffioenrotterdam.nl\/index.php?rest_route=%2Fwp%2Fv2%2Fmedia&parent=3731"}],"wp:term":[{"taxonomy":"product_brand","embeddable":true,"href":"https:\/\/wp.griffioenrotterdam.nl\/index.php?rest_route=%2Fwp%2Fv2%2Fproduct_brand&post=3731"},{"taxonomy":"product_cat","embeddable":true,"href":"https:\/\/wp.griffioenrotterdam.nl\/index.php?rest_route=%2Fwp%2Fv2%2Fproduct_cat&post=3731"},{"taxonomy":"product_tag","embeddable":true,"href":"https:\/\/wp.griffioenrotterdam.nl\/index.php?rest_route=%2Fwp%2Fv2%2Fproduct_tag&post=3731"}],"curies":[{"name":"wp","href":"https:\/\/api.w.org\/{rel}","templated":true}]}}