{"id":1337,"date":"2017-08-24T13:05:17","date_gmt":"2017-08-24T11:05:17","guid":{"rendered":"http:\/\/wp.griffioenrotterdam.nl\/?product=thermocet-trimline-73r-roomdivider-gashaard"},"modified":"2020-08-22T07:53:08","modified_gmt":"2020-08-22T05:53:08","slug":"thermocet-trimline-73r-roomdivider-gashaard","status":"publish","type":"product","link":"https:\/\/wp.griffioenrotterdam.nl\/?product=thermocet-trimline-73r-roomdivider-gashaard","title":{"rendered":"Thermocet Trimline 73R gashaard"},"content":{"rendered":"<h2>ThermoCet 73R Roomdivider<\/h2>\n<p>Deze <a href=\"https:\/\/www.haveverwarming.nl\/thermocet\" target=\"_blank\" rel=\"noopener noreferrer\">ThermoCet<\/a> <a href=\"https:\/\/www.haveverwarming.nl\/gashaarden\" target=\"_blank\" rel=\"noopener noreferrer\">gashaard<\/a> is een ideale roomdivider. Een mooi hoog exemplaar. Je deelt de ruimte wel maar houdt het tegelijk ook mooi open.\u00a0<\/p>\n<h3>Uitrustig Trimline 73R<\/h3>\n<p>Deze Thermocet haard wordt geleverd met een dubbele brander welke zorgt voor een mooi vuurbeeld met de mogelijkheid om de haard met \u00e9\u00e9n druk op de knop (\u00e9\u00e9n brander uit) lager te zetten met behoud van van vlammen. Verder is deze kachel uitgerust met de EcoMax afstandbediening en ontvanger waarmee een prachtig modulerend vuurbeeld te realiseren is.<\/p>\n<h3>Experience center<\/h3>\n<p>We hebben de Trimline 73H tunnel opgesteld staan in ons <a href=\"https:\/\/www.haveverwarming.nl\/experiencecenter\" target=\"_blank\" rel=\"noopener noreferrer\">Experience Center<\/a>. Het vuurbed is gelijk aan deze Roomdivider. U kunt bij ons dus zien hoe deze haard brand. Tot ziens!?<\/p>\n<p>Documentatie<\/p>\n<ul>\n<li><a class=\"download file\" href=\"https:\/\/www.haveverwarming.nl\/amfile\/file\/download\/file\/500\/product\/612\/\" target=\"_blank\" rel=\"noopener noreferrer\"><span>Energielabel Thermocet Trimline 73R gashaard<\/span><\/a><\/li>\n<li><a class=\"download file\" href=\"https:\/\/www.haveverwarming.nl\/amfile\/file\/download\/file\/1218\/product\/612\/\" target=\"_blank\" rel=\"noopener noreferrer\"><span>Lijntekening Thermocet Trimline 73R gashaard<\/span><\/a><\/li>\n<li><a class=\"download file\" href=\"https:\/\/www.haveverwarming.nl\/amfile\/file\/download\/file\/1219\/product\/612\/\" target=\"_blank\" rel=\"noopener noreferrer\"><span>Installatievoorschriften Thermocet Trimline 73R gashaard<\/span><\/a><\/li>\n<li><a class=\"download file\" href=\"https:\/\/www.haveverwarming.nl\/amfile\/file\/download\/file\/1220\/product\/612\/\" target=\"_blank\" rel=\"noopener noreferrer\"><span>Bedieningshandleiding Thermocet Trimline 73R gashaard<\/span><\/a><\/li>\n<li><a class=\"download file\" href=\"https:\/\/www.haveverwarming.nl\/amfile\/file\/download\/file\/209\/product\/612\/\" target=\"_blank\" rel=\"noopener noreferrer\"><span>Brochure Thermocet<\/span><\/a><\/li>\n<li><a class=\"download file\" href=\"https:\/\/www.haveverwarming.nl\/amfile\/file\/download\/file\/1342\/product\/612\/\" target=\"_blank\" rel=\"noopener noreferrer\"><span>Brochure Gas Erbij<\/span><\/a><\/li>\n<li><a class=\"download file\" href=\"https:\/\/www.haveverwarming.nl\/productpdf\/download\/file\/id\/612\/name\/Thermocet_Trimline_73R_gashaard.pdf\/\" target=\"_blank\" rel=\"noopener noreferrer\"><span>Download informatieblad<\/span><\/a><\/li>\n<\/ul>\n","protected":false},"excerpt":{"rendered":"<p>Wie kan delen kan vermenigvuldigen<\/p>\n","protected":false},"featured_media":1338,"comment_status":"open","ping_status":"closed","template":"","meta":[],"product_brand":[],"product_cat":[],"product_tag":[],"class_list":{"0":"post-1337","1":"product","2":"type-product","3":"status-publish","4":"has-post-thumbnail","7":"first","8":"instock","9":"shipping-taxable","10":"purchasable","11":"product-type-simple","12":"customify-col","13":"product-has-gallery"},"_links":{"self":[{"href":"https:\/\/wp.griffioenrotterdam.nl\/index.php?rest_route=\/wp\/v2\/product\/1337","targetHints":{"allow":["GET"]}}],"collection":[{"href":"https:\/\/wp.griffioenrotterdam.nl\/index.php?rest_route=\/wp\/v2\/product"}],"about":[{"href":"https:\/\/wp.griffioenrotterdam.nl\/index.php?rest_route=\/wp\/v2\/types\/product"}],"replies":[{"embeddable":true,"href":"https:\/\/wp.griffioenrotterdam.nl\/index.php?rest_route=%2Fwp%2Fv2%2Fcomments&post=1337"}],"wp:featuredmedia":[{"embeddable":true,"href":"https:\/\/wp.griffioenrotterdam.nl\/index.php?rest_route=\/wp\/v2\/media\/1338"}],"wp:attachment":[{"href":"https:\/\/wp.griffioenrotterdam.nl\/index.php?rest_route=%2Fwp%2Fv2%2Fmedia&parent=1337"}],"wp:term":[{"taxonomy":"product_brand","embeddable":true,"href":"https:\/\/wp.griffioenrotterdam.nl\/index.php?rest_route=%2Fwp%2Fv2%2Fproduct_brand&post=1337"},{"taxonomy":"product_cat","embeddable":true,"href":"https:\/\/wp.griffioenrotterdam.nl\/index.php?rest_route=%2Fwp%2Fv2%2Fproduct_cat&post=1337"},{"taxonomy":"product_tag","embeddable":true,"href":"https:\/\/wp.griffioenrotterdam.nl\/index.php?rest_route=%2Fwp%2Fv2%2Fproduct_tag&post=1337"}],"curies":[{"name":"wp","href":"https:\/\/api.w.org\/{rel}","templated":true}]}}